{"id":2184,"date":"2024-08-27T22:54:24","date_gmt":"2024-08-27T19:54:24","guid":{"rendered":"http:\/\/yenisite.displaymarketi.com\/?page_id=2184"},"modified":"2024-08-27T22:56:07","modified_gmt":"2024-08-27T19:56:07","slug":"gizlilik-politikasi","status":"publish","type":"page","link":"https:\/\/displaymarketi.com\/index.php\/gizlilik-politikasi\/","title":{"rendered":"Gizlilik Politikas\u0131"},"content":{"rendered":"\t\t<div data-elementor-type=\"wp-page\" data-elementor-id=\"2184\" class=\"elementor elementor-2184\">\n\t\t\t\t<div class=\"wd-negative-gap elementor-element elementor-element-fa9b71c e-flex e-con-boxed e-con e-parent\" data-id=\"fa9b71c\" data-element_type=\"container\" data-e-type=\"container\">\n\t\t\t\t\t<div class=\"e-con-inner\">\n\t\t\t\t<div class=\"elementor-element elementor-element-a6072ac elementor-widget elementor-widget-wd_text_block\" data-id=\"a6072ac\" data-element_type=\"widget\" data-e-type=\"widget\" data-widget_type=\"wd_text_block.default\">\n\t\t\t\t<div class=\"elementor-widget-container\">\n\t\t\t\t\t\t\t<div class=\"wd-text-block reset-last-child text-left\">\n\t\t\t\n\t\t\t<p>displaymarketi.com\u2019a \u00fcye olup kullanman\u0131z a\u015fa\u011f\u0131daki maddeleri kabul etti\u011finiz anlam\u0131na gelmektedir.Displaymarketi.com a\u015fa\u011f\u0131daki maddeleri \u00f6nceden bilgi vermeksizin de\u011fi\u015ftirme ve g\u00fcncelleme hakk\u0131n\u0131 sakl\u0131 tutar.<\/p><h3>G\u00fcvenlik<\/h3><p>SSL ve g\u00fcvenli\u011finiz, SSL teknolojisi ile, sat\u0131n alma s\u00fcreci ba\u015flad\u0131\u011f\u0131nda kullan\u0131c\u0131 bilgisayar\u0131 ile banka aras\u0131nda do\u011frudan \u015fifreli bir iletisim olmakta ve kredi kartIyla ilgili hi\u00e7bir bilgi displaymarketi.com \u00e7al\u0131\u015fanlar\u0131 ya da \u00fc\u00e7\u00fcnc\u00fc \u015fah\u0131slar taraf\u0131ndan g\u00f6r\u00fclmemektedir. \u201cinternet\u2019te g\u00fcvenli aliveri\u015f yapmak normal bir restoran ya da benzinlikte kredi kart\u0131n\u0131z\u0131 kullanmaktan daha g\u00fcvenlidir.\u201d displaymarketi.com kredi kart\u0131 numaran\u0131z kay\u0131t edilmemektedir ve CVV2 numaran\u0131z sizin haricinizde kimse taraf\u0131ndan g\u00f6r\u00fclememektedir.<\/p><h3>Kredi Kart\u0131 G\u00fcvenli\u011fi<\/h3><p>displaymarketi.com web sitemiz sizlere 24 saat kesintisiz hizmet verebilmek i\u00e7in en son teknoloji kullan\u0131larak yap\u0131land\u0131r\u0131lm\u0131\u015ft\u0131r. Ki\u015fisel bilgilerinizi girdi\u011finiz her sayfada taray\u0131c\u0131n\u0131z\u0131n (browser) alt k\u0131sm\u0131nda bir kilit g\u00f6receksiniz. COMODO SSL taraf\u0131ndan sa\u011flanan 256 Bit SSLSertifikas\u0131n\u0131 temsil etmektedir ve taray\u0131c\u0131n\u0131z vas\u0131tas\u0131 ile g\u00f6nderdi\u011finiz hi\u00e7 bir bilgi \u00fc\u00e7\u00fcnc\u00fc \u015fah\u0131slar tarafindan ele ge\u00e7irilemez. Ma\u011fazam\u0131zda t\u00fcm bankalarin VISA, MASTERCARD kredi kartlari ge\u00e7erlidir) Displaymarketi.com bilgilerini kaydetmez. Dolay\u0131s\u0131yla kredi kart\u0131 numaran\u0131z\u0131 hi\u00e7bir zaman kimseye g\u00f6stermemi\u015f olursunuz.<\/p><h3>Ki\u015fisel Bilgi G\u00fcvenli\u011fi<\/h3><p>displaymarketi.com verdiginiz t\u00fcm bilgiler kesinlikle gizli tutulacaktir.Kisisel bilgileriniz konusunda ne kadar hassas oldugunuzun bilincindeyiz. Bu bilgiler hi\u00e7bir \u015fekilde sat\u0131lmayacak ya da payla\u015f\u0131lmayacakt\u0131r.<\/p><h3>Siteye Verilen Ki\u015fisel Bilgiler<\/h3><p>Sitede vermi\u015f oldu\u011funuz ki\u015fisel bilgiler kesinlikle 3. \u015fah\u0131slara ve i\u015fletmelere verilmemektedir.<\/p><h3>\u00dcr\u00fcn Bilgileri<\/h3><p>Site \u00fczerinde \u00fcr\u00fcn ile ilgili verilen bilgilerde yaz\u0131m hatalar\u0131 veya bilgi eksiklikleri olabilir.Displaymarketi.com bu hatalar\u0131 d\u00fczeltme hakk\u0131na ve bunun sonucunda baz\u0131 sipari\u015flerde iptal ya da de\u011fi\u015fiklikler yapma hakk\u0131n\u0131 sakl\u0131 tutar.<\/p>\n\t\t\t\t\t<\/div>\n\t\t\t\t\t\t<\/div>\n\t\t\t\t<\/div>\n\t\t\t\t\t<\/div>\n\t\t\t\t<\/div>\n\t\t\t\t<\/div>\n\t\t","protected":false},"excerpt":{"rendered":"<p>displaymarketi.com\u2019a \u00fcye olup kullanman\u0131z a\u015fa\u011f\u0131daki maddeleri kabul etti\u011finiz anlam\u0131na gelmektedir.Displaymarketi.com a\u015fa\u011f\u0131daki maddeleri \u00f6nceden bilgi vermeksizin de\u011fi\u015ftirme ve g\u00fcncelleme hakk\u0131n\u0131 sakl\u0131<\/p>\n","protected":false},"author":1,"featured_media":0,"parent":0,"menu_order":0,"comment_status":"closed","ping_status":"closed","template":"","meta":{"footnotes":""},"class_list":["post-2184","page","type-page","status-publish","hentry"],"_links":{"self":[{"href":"https:\/\/displaymarketi.com\/index.php\/wp-json\/wp\/v2\/pages\/2184","targetHints":{"allow":["GET"]}}],"collection":[{"href":"https:\/\/displaymarketi.com\/index.php\/wp-json\/wp\/v2\/pages"}],"about":[{"href":"https:\/\/displaymarketi.com\/index.php\/wp-json\/wp\/v2\/types\/page"}],"author":[{"embeddable":true,"href":"https:\/\/displaymarketi.com\/index.php\/wp-json\/wp\/v2\/users\/1"}],"replies":[{"embeddable":true,"href":"https:\/\/displaymarketi.com\/index.php\/wp-json\/wp\/v2\/comments?post=2184"}],"version-history":[{"count":4,"href":"https:\/\/displaymarketi.com\/index.php\/wp-json\/wp\/v2\/pages\/2184\/revisions"}],"predecessor-version":[{"id":2189,"href":"https:\/\/displaymarketi.com\/index.php\/wp-json\/wp\/v2\/pages\/2184\/revisions\/2189"}],"wp:attachment":[{"href":"https:\/\/displaymarketi.com\/index.php\/wp-json\/wp\/v2\/media?parent=2184"}],"curies":[{"name":"wp","href":"https:\/\/api.w.org\/{rel}","templated":true}]}}