{"id":2196,"date":"2024-08-27T22:57:45","date_gmt":"2024-08-27T19:57:45","guid":{"rendered":"http:\/\/yenisite.displaymarketi.com\/?page_id=2196"},"modified":"2024-08-27T22:58:22","modified_gmt":"2024-08-27T19:58:22","slug":"mesafeli-satis-sozlesmesi","status":"publish","type":"page","link":"https:\/\/displaymarketi.com\/index.php\/mesafeli-satis-sozlesmesi\/","title":{"rendered":"Mesafeli Sat\u0131\u015f S\u00f6zle\u015fmesi"},"content":{"rendered":"\t\t<div data-elementor-type=\"wp-page\" data-elementor-id=\"2196\" class=\"elementor elementor-2196\">\n\t\t\t\t<div class=\"wd-negative-gap elementor-element elementor-element-ef72892 e-flex e-con-boxed e-con e-parent\" data-id=\"ef72892\" data-element_type=\"container\" data-e-type=\"container\">\n\t\t\t\t\t<div class=\"e-con-inner\">\n\t\t\t\t<div class=\"elementor-element elementor-element-d711da4 elementor-widget elementor-widget-wd_text_block\" data-id=\"d711da4\" data-element_type=\"widget\" data-e-type=\"widget\" data-widget_type=\"wd_text_block.default\">\n\t\t\t\t<div class=\"elementor-widget-container\">\n\t\t\t\t\t\t\t<div class=\"wd-text-block reset-last-child text-left\">\n\t\t\t\n\t\t\t<h3>MADDE 1 \u2013 KONU<\/h3><p>\u0130\u015fbu s\u00f6zle\u015fmenin konusu, SATICI\u2019n\u0131n Displaymarketi (www.displaymarketi.com), ALICI\u2019ya sat\u0131\u015f\u0131n\u0131 yapt\u0131\u011f\u0131, a\u015fa\u011f\u0131da nitelikleri ve sat\u0131\u015f fiyat\u0131 belirtilen \u00fcr\u00fcn\u00fcn sat\u0131\u015f\u0131 ve teslimi ile ilgili olarak 4077 say\u0131l\u0131 T\u00fcketicilerin Korunmas\u0131 Hakk\u0131ndaki Kanun \u2013 Mesafeli S\u00f6zle\u015fmeleri Uygulama Esas ve Usulleri Hakk\u0131nda Y\u00f6netmelik h\u00fck\u00fcmleri gere\u011fince taraflar\u0131n hak ve y\u00fck\u00fcml\u00fcl\u00fcklerinin kapsamaktad\u0131r.<\/p><h3>MADDE 2.1 \u2013 SATICI B\u0130LG\u0130LER\u0130<\/h3><p>Displaymarketi : www.displaymarketi.com<\/p><p>MA\u0130L: info@displaymarketi.com<\/p><h3>MADDE 2.2 \u2013 ALICI B\u0130LG\u0130LER\u0130<\/h3><p>M\u00fc\u015fteri olarak www.displaymarketi.com al\u0131\u015fveri\u015f sitesine \u00fcye olan veya \u00fcye olmadan al\u0131\u015fveri\u015f yapan ki\u015finin ve \u0130LET\u0130\u015e\u0130M VE TESL\u0130MAT bilgileri esas al\u0131n\u0131r.<\/p><h3>MADDE 3 \u2013 S\u00d6ZLE\u015eME KONUSU \u00dcR\u00dcN B\u0130LG\u0130LER\u0130<\/h3><p>Mal\u0131n \/ \u00dcr\u00fcn\u00fcn \/ Hizmetin\/Malzemenin t\u00fcr\u00fc, miktar\u0131, marka\/modeli, rengi, adedi, sat\u0131\u015f bedeli, \u00f6deme \u015fekli,teslimat \u015fekli sipari\u015fin sonland\u0131\u011f\u0131 andaki bilgilerden olu\u015fmaktad\u0131r.<\/p><p>Sat\u0131n alm\u0131\u015f oldu\u011funuz t\u00fcm \u00fcr\u00fcnler,Kar\u015f\u0131dan \u00d6deme (Teslimatta siparisi veren veya teslim alan \u00f6der) \u015fart\u0131 ile g\u00f6nderilmektedir.\u00dcr\u00fcnlerimizdeki a\u011f\u0131rl\u0131k miktar\u0131 \u00e7ok de\u011fi\u015fken olabilece\u011fi i\u00e7in fiyatland\u0131rma konusunda \u00e7e\u015fitli sorunlar do\u011fmaktad\u0131r.Bu y\u00fczden bizlere tahmini fiyat sorman\u0131z veya Kendi istedi\u011finiz bir kargo firmas\u0131 veya Ambar Teslimat\u0131 arac\u0131l\u0131\u011f\u0131yla \u00fcr\u00fcnleri istemeniz \u00f6nemlidir.<\/p><h3>MADDE 4 \u2013 GENEL H\u00dcK\u00dcMLER<\/h3><p>4.1 \u2013 ALICI, Madde 3\u2019te belirtilen s\u00f6zle\u015fme konusu \u00fcr\u00fcn veya \u00fcr\u00fcnlerin, malzemelerin temel nitelikleri, sat\u0131\u015f fiyat\u0131 ve \u00f6deme \u015fekli ile teslimata ili\u015fkin t\u00fcm \u00f6n bilgileri okuyup bilgi sahibi oldu\u011funu ve elektronik ortamda gerekli teyidi verdi\u011fini beyan eder.<\/p><p>4.2 \u2013 S\u00f6zle\u015fme konusu \u00fcr\u00fcn veya \u00fcr\u00fcnler, yasal 30 g\u00fcnl\u00fck s\u00fcreyi a\u015fmamak ko\u015fulu ile her bir \u00fcr\u00fcn i\u00e7in ALICI\u2019n\u0131n yerle\u015fim yerinin uzakl\u0131\u011f\u0131na ba\u011fl\u0131 olarak kargo \u015firketlerinin verdi\u011fi \u00f6n bilgiler i\u00e7inde a\u00e7\u0131klanan s\u00fcre i\u00e7inde ALICI veya g\u00f6sterdi\u011fi adresteki ki\u015fi\/kurulu\u015fa teslim edilir. Bu s\u00fcre ALICI\u2019ya daha \u00f6nce bildirilmek kayd\u0131yla en fazla 10 g\u00fcn daha uzat\u0131labilir.<\/p><p>4.3 \u2013 S\u00f6zle\u015fme konusu \u00fcr\u00fcn, ALICI\u2019dan ba\u015fka bir ki\u015fi\/kurulu\u015fa teslim edilecek ise, teslim edilecek ki\u015fi\/kurulu\u015fun teslimat\u0131 kabul etmemesinden www.displaymarketi.com e-ticaret sitesi sorumlu tutulamaz.teslim edilecek ki\u015fi\/kurulu\u015fun teslimat\u0131 kabul etmemesinden do\u011facak maddi yada manevi zararlar al\u0131c\u0131dan tahsil edilecek.<\/p><p>4.4 \u2013 www.displaymarketi.com s\u00f6zle\u015fme konusu \u00fcr\u00fcn\u00fcn sa\u011flam, eksiksiz, sipari\u015fte belirtilen niteliklere uygun ve varsa garanti belgeleri ve kullan\u0131m k\u0131lavuzlar\u0131 ile anla\u015f\u0131lan kargo firmas\u0131na yada m\u00fc\u015fteri adresine teslim edilmesinden sorumludur.<\/p><p>4.5 \u2013 Sipari\u015f konusu \u00fcr\u00fcn\u00fcn teslimat\u0131 i\u00e7in bedelinin ALICI\u2019n\u0131n tercih etti\u011fi \u00f6deme \u015fekli ile \u00f6denmi\u015f olmas\u0131 \u015fartt\u0131r. Herhangi bir nedenle \u00fcr\u00fcn bedeli \u00f6denmez veya banka kay\u0131tlar\u0131nda iptal edilir ise, www.displaymarketi.com \u00fcr\u00fcn\u00fcn teslimi y\u00fck\u00fcml\u00fcl\u00fc\u011f\u00fcnden kurtulmu\u015f kabul edilir.Ve sipari\u015fi iptal etme hakk\u0131n\u0131 kullan\u0131r.<\/p><p>4.6- \u00dcr\u00fcn\u00fcn tesliminden sonra ALICI\u2019ya ait kredi kart\u0131n\u0131n ALICI\u2019n\u0131n kusurundan kaynaklanmayan bir \u015fekilde yetkisiz ki\u015filerce haks\u0131z veya hukuka ayk\u0131r\u0131 olarak kullan\u0131lmas\u0131 nedeni ile ilgili banka veya finans kurulu\u015fun \u00fcr\u00fcn bedelini www.displaymarketi.com\u2019un \u00f6dememesi halinde, ALICI\u2019n\u0131n kendisine teslim edilmi\u015f ve malzemenin kesinlikle niteliklerini kaybetmemi\u015f,kullan\u0131lmam\u0131\u015f olmas\u0131 kayd\u0131yla \u00fcr\u00fcn\u00fcn 3 g\u00fcn i\u00e7inde www.displaymarketi.com\u2019a g\u00f6nderilmesi zorunludur. Bu takdirde nakliye giderleri ALICI\u2019ya aittir.\u00dcr\u00fcn www.displaymarketi.com adresine geri g\u00f6nderilmezse hukuki haklar\u0131m\u0131z kullan\u0131lacakt\u0131r.<\/p><p>4.7- www.displaymarketi.com m\u00fccbir sebepler veya nakliyeyi engelleyen hava muhalefeti, ula\u015f\u0131m\u0131n kesilmesi gibi ola\u011fan\u00fcst\u00fc durumlar nedeni ile s\u00f6zle\u015fme konusu \u00fcr\u00fcn\u00fc s\u00fcresi i\u00e7inde teslim edemez ise, durumu ALICI\u2019ya bildirmekle y\u00fck\u00fcml\u00fcd\u00fcr. Bu takdirde ALICI sipari\u015fin iptal edilmesini, s\u00f6zle\u015fme konusu \u00fcr\u00fcn\u00fcn varsa emsali ile de\u011fi\u015ftirilmesini, ve\/veya teslimat s\u00fcresinin engelleyici durumun ortadan kalkmas\u0131na kadar ertelenmesi haklar\u0131ndan birini kullanabilir. ALICI\u2019n\u0131n sipari\u015fi iptal etmesi halinde \u00f6dedi\u011fi tutar 10 g\u00fcn i\u00e7inde havale ise kendisine nakten kredi kart\u0131 ise al\u0131\u015fveri\u015fi yaparken kulland\u0131\u011f\u0131 kredi kart\u0131na geri \u00f6denir,sipari\u015f b\u00f6ylece iptal edilir.<\/p><p>4.8- Garanti belgesi ile sat\u0131lan \u00fcr\u00fcnlerden olan veya olmayan \u00fcr\u00fcnlerin teslim s\u0131ras\u0131nda kontrol edildi\u011finde ar\u0131zal\u0131 veya bozuk \u00e7\u0131kmas\u0131 halinde, garanti \u015fartlar\u0131 i\u00e7inde gerekli onar\u0131m\u0131n yap\u0131lmas\u0131 i\u00e7in www.displaymarketi.com g\u00f6nderilebilir, bu takdirde kargo giderleri ALICI taraf\u0131ndan kar\u015f\u0131lanacakt\u0131r.<\/p><p>4.9- Kargo ta\u015f\u0131ma s\u0131ras\u0131nda kaybolan, yanl\u0131\u015f adrese teslim edilen veya kargo firmas\u0131 taraf\u0131ndan ya\u015fanan herhangi bir aksakl\u0131ktan firmam\u0131z sorumlu de\u011fildir ve malzemelerin yeniden \u00e7\u0131k\u0131\u015f yap\u0131lmas\u0131 s\u00f6z konusu olamaz.<\/p><h3>MADDE 5 \u2013 CAYMA HAKKI<\/h3><p>ALICI, s\u00f6zle\u015fme konusu \u00fcr\u00fcn\u00fcn\/malzemenin kendisine veya g\u00f6sterdi\u011fi adresteki ki\u015fi\/kurulu\u015fa tesliminden itibaren (14) g\u00fcn i\u00e7inde cayma hakk\u0131na sahiptir.<\/p><p>Cayma hakk\u0131n\u0131n kullan\u0131lmas\u0131 a\u015fa\u011f\u0131daki \u015fartlar sa\u011flanmal\u0131d\u0131r;<\/p>\n\t\t\t\t\t<\/div>\n\t\t\t\t\t\t<\/div>\n\t\t\t\t<\/div>\n\t\t\t\t\t<\/div>\n\t\t\t\t<\/div>\n\t\t\t\t<\/div>\n\t\t","protected":false},"excerpt":{"rendered":"<p>MADDE 1 \u2013 KONU \u0130\u015fbu s\u00f6zle\u015fmenin konusu, SATICI\u2019n\u0131n Displaymarketi (www.displaymarketi.com), ALICI\u2019ya sat\u0131\u015f\u0131n\u0131 yapt\u0131\u011f\u0131, a\u015fa\u011f\u0131da nitelikleri ve sat\u0131\u015f fiyat\u0131 belirtilen \u00fcr\u00fcn\u00fcn<\/p>\n","protected":false},"author":1,"featured_media":0,"parent":0,"menu_order":0,"comment_status":"closed","ping_status":"closed","template":"","meta":{"footnotes":""},"class_list":["post-2196","page","type-page","status-publish","hentry"],"_links":{"self":[{"href":"https:\/\/displaymarketi.com\/index.php\/wp-json\/wp\/v2\/pages\/2196","targetHints":{"allow":["GET"]}}],"collection":[{"href":"https:\/\/displaymarketi.com\/index.php\/wp-json\/wp\/v2\/pages"}],"about":[{"href":"https:\/\/displaymarketi.com\/index.php\/wp-json\/wp\/v2\/types\/page"}],"author":[{"embeddable":true,"href":"https:\/\/displaymarketi.com\/index.php\/wp-json\/wp\/v2\/users\/1"}],"replies":[{"embeddable":true,"href":"https:\/\/displaymarketi.com\/index.php\/wp-json\/wp\/v2\/comments?post=2196"}],"version-history":[{"count":4,"href":"https:\/\/displaymarketi.com\/index.php\/wp-json\/wp\/v2\/pages\/2196\/revisions"}],"predecessor-version":[{"id":2201,"href":"https:\/\/displaymarketi.com\/index.php\/wp-json\/wp\/v2\/pages\/2196\/revisions\/2201"}],"wp:attachment":[{"href":"https:\/\/displaymarketi.com\/index.php\/wp-json\/wp\/v2\/media?parent=2196"}],"curies":[{"name":"wp","href":"https:\/\/api.w.org\/{rel}","templated":true}]}}