{"id":31,"date":"2023-04-20T11:47:35","date_gmt":"2023-04-20T11:47:35","guid":{"rendered":"https:\/\/dummy.xtemos.com\/woodmart2\/furniture2-elementor\/?page_id=31"},"modified":"2024-08-28T22:12:35","modified_gmt":"2024-08-28T19:12:35","slug":"hakkimizda","status":"publish","type":"page","link":"https:\/\/displaymarketi.com\/index.php\/hakkimizda\/","title":{"rendered":"Hakk\u0131m\u0131zda"},"content":{"rendered":"\t\t<div data-elementor-type=\"wp-page\" data-elementor-id=\"31\" class=\"elementor elementor-31\">\n\t\t\t\t<div class=\"wd-negative-gap elementor-element elementor-element-c3a0a26 e-flex e-con-boxed e-con e-parent\" data-id=\"c3a0a26\" data-element_type=\"container\" data-e-type=\"container\">\n\t\t\t\t\t<div class=\"e-con-inner\">\n\t\t<div class=\"elementor-element elementor-element-7d561de e-con-full e-flex e-con e-child\" data-id=\"7d561de\" data-element_type=\"container\" data-e-type=\"container\">\n\t\t\t\t<div class=\"elementor-element elementor-element-58f90e5 elementor-widget elementor-widget-image\" data-id=\"58f90e5\" data-element_type=\"widget\" data-e-type=\"widget\" data-widget_type=\"image.default\">\n\t\t\t\t<div class=\"elementor-widget-container\">\n\t\t\t\t\t\t\t\t\t\t\t\t\t\t\t<img fetchpriority=\"high\" decoding=\"async\" width=\"1024\" height=\"683\" src=\"https:\/\/displaymarketi.com\/wp-content\/uploads\/2024\/08\/banenes-1024x683.png\" class=\"attachment-large size-large wp-image-2297\" alt=\"\" srcset=\"https:\/\/displaymarketi.com\/wp-content\/uploads\/2024\/08\/banenes-1024x683.png 1024w, https:\/\/displaymarketi.com\/wp-content\/uploads\/2024\/08\/banenes-150x100.png 150w, https:\/\/displaymarketi.com\/wp-content\/uploads\/2024\/08\/banenes-600x400.png 600w, https:\/\/displaymarketi.com\/wp-content\/uploads\/2024\/08\/banenes-300x200.png 300w, https:\/\/displaymarketi.com\/wp-content\/uploads\/2024\/08\/banenes-768x512.png 768w, https:\/\/displaymarketi.com\/wp-content\/uploads\/2024\/08\/banenes-1536x1024.png 1536w, https:\/\/displaymarketi.com\/wp-content\/uploads\/2024\/08\/banenes.png 1920w\" sizes=\"(max-width: 1024px) 100vw, 1024px\" \/>\t\t\t\t\t\t\t\t\t\t\t\t\t\t\t<\/div>\n\t\t\t\t<\/div>\n\t\t\t\t<\/div>\n\t\t<div class=\"elementor-element elementor-element-fc06b68 e-con-full e-flex e-con e-child\" data-id=\"fc06b68\" data-element_type=\"container\" data-e-type=\"container\">\n\t\t\t\t<div class=\"elementor-element elementor-element-e1beeef elementor-widget elementor-widget-wd_text_block\" data-id=\"e1beeef\" data-element_type=\"widget\" data-e-type=\"widget\" data-widget_type=\"wd_text_block.default\">\n\t\t\t\t<div class=\"elementor-widget-container\">\n\t\t\t\t\t\t\t<div class=\"wd-text-block reset-last-child text-left\">\n\t\t\t\n\t\t\t<p>Firmam\u0131z D\u0130SPLAY MARKET\u0130, imalat\u0131n\u0131 yapmakta oldu\u011fu \u00fcr\u00fcn yelpazesini s\u00fcrekli geni\u015fleterek, g\u00fcn\u00fcm\u00fcz itibar\u0131yla;<\/p><p>\u2022 Muhtelif profil \u00e7e\u015fitler\u0130yle muhtelif \u00f6l\u00e7\u00fclerde G\u00f6nye ve Rondo k\u00f6\u015fe; G\u00fcvenlikli, Kilitli, S\u00fcrg\u00fcl\u00fc, Ask\u0131l\u0131, Renkli \u00c7er\u00e7eve Grubu<br \/>\u2022 Stre\u00e7 (timsah) \u00c7er\u00e7eveler<br \/>\u2022 Farkl\u0131 zemin \u00e7e\u015fitleriyle Kilitli Pano Grubu<br \/>\u2022 Poster Tutucular<br \/>\u2022 X-Banner, Q-Banner, L-Banner \u00e7e\u015fitleri<br \/>\u2022 Roll-up \u00e7e\u015fitleri<br \/>\u2022 \u00d6r\u00fcmcek masa ve \u00d6r\u00fcmcek Standlar<br \/>\u2022 Farkl\u0131 \u00f6zellik ve \u00f6l\u00e7\u00fclerde Bilgi Panolar\u0131, Poster Pano ve Ayakl\u0131 Poster Panolar, Bro\u015f\u00fcr Standlar\u0131<br \/>\u2022 Ledli ve I\u015f\u0131kl\u0131 Panolar<br \/>\u2022 Fuar Te\u015fhir \u00dcr\u00fcnleri ve Promosyon Standlar\u0131<br \/>\u2022 Farkl\u0131 tip ve \u00f6l\u00e7\u00fclerde Akrilik \u00dcr\u00fcn Grubu<\/p>\n\t\t\t\t\t<\/div>\n\t\t\t\t\t\t<\/div>\n\t\t\t\t<\/div>\n\t\t\t\t<\/div>\n\t\t\t\t\t<\/div>\n\t\t\t\t<\/div>\n\t\t<div class=\"wd-negative-gap elementor-element elementor-element-872cc82 e-flex e-con-boxed e-con e-parent\" data-id=\"872cc82\" data-element_type=\"container\" data-e-type=\"container\">\n\t\t\t\t\t<div class=\"e-con-inner\">\n\t\t\t\t<div class=\"elementor-element elementor-element-8d9de3d elementor-widget elementor-widget-spacer\" data-id=\"8d9de3d\" data-element_type=\"widget\" data-e-type=\"widget\" data-widget_type=\"spacer.default\">\n\t\t\t\t<div class=\"elementor-widget-container\">\n\t\t\t\t\t\t\t<div class=\"elementor-spacer\">\n\t\t\t<div class=\"elementor-spacer-inner\"><\/div>\n\t\t<\/div>\n\t\t\t\t\t\t<\/div>\n\t\t\t\t<\/div>\n\t\t\t\t\t<\/div>\n\t\t\t\t<\/div>\n\t\t<div class=\"elementor-element elementor-element-263180c e-flex e-con-boxed e-con e-parent\" data-id=\"263180c\" data-element_type=\"container\" data-e-type=\"container\">\n\t\t\t\t\t<div class=\"e-con-inner\">\n\t\t\t\t<div class=\"elementor-element elementor-element-1d98da4 elementor-widget elementor-widget-wd_text_block\" data-id=\"1d98da4\" data-element_type=\"widget\" data-e-type=\"widget\" data-widget_type=\"wd_text_block.default\">\n\t\t\t\t<div class=\"elementor-widget-container\">\n\t\t\t\t\t\t\t<div class=\"wd-text-block reset-last-child text-left\">\n\t\t\t\n\t\t\t<section class=\"elementor-section elementor-top-section elementor-element elementor-element-4f3aac5 elementor-section-boxed elementor-section-height-default elementor-section-height-default\" data-id=\"4f3aac5\" data-element_type=\"section\"><div class=\"elementor-container elementor-column-gap-default\"><div class=\"elementor-column elementor-col-100 elementor-top-column elementor-element elementor-element-7af7cf0\" data-id=\"7af7cf0\" data-element_type=\"column\"><div class=\"elementor-widget-wrap elementor-element-populated\"><div class=\"elementor-element elementor-element-793def7 elementor-widget elementor-widget-text-editor\" data-id=\"793def7\" data-element_type=\"widget\" data-widget_type=\"text-editor.default\"><div class=\"elementor-widget-container\"><p>Kategorilerinde 1000\u2019 i a\u015fk\u0131n tam mam\u00fcl malzemeyi b\u00fcnyesinde \u00fcretmekte ve her ge\u00e7en g\u00fcn bu say\u0131y\u0131 m\u00fc\u015fterilerinin ve piyasan\u0131n ihtiya\u00e7lar\u0131 do\u011frultusunda artt\u0131rmaya devam etmektedir. Ayr\u0131ca standart \u00f6l\u00e7\u00fcler d\u0131\u015f\u0131nda \u00f6zel \u00f6l\u00e7\u00fclerdeki talepleri ve yar\u0131 mam\u00fcl malzeme ihtiya\u00e7lar\u0131n\u0131 da kar\u015f\u0131lamaktad\u0131r. Kuruldu\u011fu ilk g\u00fcnden itibaren kaliteye verdi\u011fi \u00f6nemi, uzman kadrosuyla sahip oldu\u011fu bilgi ve tecr\u00fcbeyi; uygun fiyat, m\u00fc\u015fteri memnuniyetini \u00f6n planda tutan hizmet anlay\u0131\u015f\u0131, zaman\u0131nda teslim ilkeleriyle birle\u015ftirerek k\u0131sa zamanda sekt\u00f6r\u00fcnde tan\u0131nan ve g\u00fcvenilen bir firma olarak ilk s\u0131ralara yerle\u015fmeyi ba\u015farm\u0131\u015ft\u0131r. Yurt i\u00e7inde ve yurt d\u0131\u015f\u0131nda y\u00fczlerce kurumsal m\u00fc\u015fterisine hizmet vermeye devam etmekle birlikte, yine yurt i\u00e7inde ve yurt d\u0131\u015f\u0131nda 30\u2019 u a\u015fk\u0131n bayi ve hizmet noktas\u0131 a\u011f\u0131yla da nihai t\u00fcketicilere ula\u015fmaktad\u0131r.<\/p><p>Prensiplerinden \u00f6d\u00fcn vermeksizin ve geli\u015fen teknolojik ko\u015fullar\u0131 yak\u0131ndan takip ederek, m\u00fc\u015fterilerinin g\u00fcven ve memnuniyetinden ald\u0131\u011f\u0131 g\u00fc\u00e7 ile s\u00fcrekli b\u00fcy\u00fcmeyi ve geli\u015fmeyi en b\u00fcy\u00fck hedefi olarak benimseyen D\u0130SPLAY MARKET\u0130, verdi\u011fi hizmeti ve \u00fcr\u00fcnleri sizlerle de payla\u015fmaktan, sizlerle de i\u015fbirli\u011fi yapmaktan b\u00fcy\u00fck bir memnuniyet ve onur duyacakt\u0131r.<\/p><\/div><\/div><\/div><\/div><\/div><\/section>\n\t\t\t\t\t<\/div>\n\t\t\t\t\t\t<\/div>\n\t\t\t\t<\/div>\n\t\t\t\t\t<\/div>\n\t\t\t\t<\/div>\n\t\t\t\t<\/div>\n\t\t","protected":false},"excerpt":{"rendered":"<p>Firmam\u0131z D\u0130SPLAY MARKET\u0130, imalat\u0131n\u0131 yapmakta oldu\u011fu \u00fcr\u00fcn yelpazesini s\u00fcrekli geni\u015fleterek, g\u00fcn\u00fcm\u00fcz itibar\u0131yla; \u2022 Muhtelif profil \u00e7e\u015fitler\u0130yle muhtelif \u00f6l\u00e7\u00fclerde G\u00f6nye ve<\/p>\n","protected":false},"author":1,"featured_media":0,"parent":0,"menu_order":0,"comment_status":"closed","ping_status":"closed","template":"","meta":{"footnotes":""},"class_list":["post-31","page","type-page","status-publish","hentry"],"_links":{"self":[{"href":"https:\/\/displaymarketi.com\/index.php\/wp-json\/wp\/v2\/pages\/31","targetHints":{"allow":["GET"]}}],"collection":[{"href":"https:\/\/displaymarketi.com\/index.php\/wp-json\/wp\/v2\/pages"}],"about":[{"href":"https:\/\/displaymarketi.com\/index.php\/wp-json\/wp\/v2\/types\/page"}],"author":[{"embeddable":true,"href":"https:\/\/displaymarketi.com\/index.php\/wp-json\/wp\/v2\/users\/1"}],"replies":[{"embeddable":true,"href":"https:\/\/displaymarketi.com\/index.php\/wp-json\/wp\/v2\/comments?post=31"}],"version-history":[{"count":16,"href":"https:\/\/displaymarketi.com\/index.php\/wp-json\/wp\/v2\/pages\/31\/revisions"}],"predecessor-version":[{"id":2344,"href":"https:\/\/displaymarketi.com\/index.php\/wp-json\/wp\/v2\/pages\/31\/revisions\/2344"}],"wp:attachment":[{"href":"https:\/\/displaymarketi.com\/index.php\/wp-json\/wp\/v2\/media?parent=31"}],"curies":[{"name":"wp","href":"https:\/\/api.w.org\/{rel}","templated":true}]}}