{"id":1510,"date":"2024-08-27T20:49:19","date_gmt":"2024-08-27T17:49:19","guid":{"rendered":"http:\/\/yenisite.displaymarketi.com\/?post_type=product&#038;p=1510"},"modified":"2025-09-22T14:44:48","modified_gmt":"2025-09-22T11:44:48","slug":"25-mm-eloksalli-gonye-kose-cerceve-a3","status":"publish","type":"product","link":"https:\/\/displaymarketi.com\/index.php\/urun\/25-mm-eloksalli-gonye-kose-cerceve-a3\/","title":{"rendered":"25 mm Eloksall\u0131 G\u00f6nye K\u00f6\u015fe \u00c7er\u00e7eve A3"},"content":{"rendered":"<p>*A\u00e7\u0131l\u0131r kapan\u0131r al\u00fcminyum \u00e7er\u00e7eve profili \u00f6zelli\u011fi ile i\u00e7erisindeki g\u00f6rseli en k\u0131sa s\u00fcrede de\u011fi\u015ftirebilme imkan\u0131<br \/>\n*\u00c7er\u00e7eve i\u00e7erisindeki g\u00f6rselinizi g\u00fcne\u015f \u0131\u015f\u0131nlar\u0131ndan koruyan ve parlamas\u0131n\u0131 \u00f6nleyerek g\u00f6rselinizin net bir \u015fekilde g\u00f6r\u00fcnmesini sa\u011flayan UV Filtreli PVC koruyucu<br \/>\n*K\u00f6\u015feler d\u00fcz kesimdir.<br \/>\n*Standart renk g\u00fcm\u00fc\u015f eloksald\u0131r.<br \/>\n*\u00d6zel \u00f6l\u00e7\u00fc \u00fcretilebilmektedir.<\/p>\n","protected":false},"excerpt":{"rendered":"<p>*A\u00e7\u0131l\u0131r kapan\u0131r al\u00fcminyum \u00e7er\u00e7eve profili \u00f6zelli\u011fi ile i\u00e7erisindeki g\u00f6rseli en k\u0131sa s\u00fcrede de\u011fi\u015ftirebilme imkan\u0131 *\u00c7er\u00e7eve i\u00e7erisindeki g\u00f6rselinizi g\u00fcne\u015f \u0131\u015f\u0131nlar\u0131ndan koruyan<\/p>\n","protected":false},"featured_media":1545,"template":"","meta":[],"product_brand":[],"product_cat":[82],"product_tag":[85],"class_list":{"0":"post-1510","1":"product","2":"type-product","3":"status-publish","4":"has-post-thumbnail","6":"product_cat-cerceve","7":"product_tag-25-mm-gonye-cerceve-a3","9":"first","10":"instock","11":"shipping-taxable","12":"product-type-simple"},"_links":{"self":[{"href":"https:\/\/displaymarketi.com\/index.php\/wp-json\/wp\/v2\/product\/1510","targetHints":{"allow":["GET"]}}],"collection":[{"href":"https:\/\/displaymarketi.com\/index.php\/wp-json\/wp\/v2\/product"}],"about":[{"href":"https:\/\/displaymarketi.com\/index.php\/wp-json\/wp\/v2\/types\/product"}],"version-history":[{"count":1,"href":"https:\/\/displaymarketi.com\/index.php\/wp-json\/wp\/v2\/product\/1510\/revisions"}],"predecessor-version":[{"id":1548,"href":"https:\/\/displaymarketi.com\/index.php\/wp-json\/wp\/v2\/product\/1510\/revisions\/1548"}],"wp:featuredmedia":[{"embeddable":true,"href":"https:\/\/displaymarketi.com\/index.php\/wp-json\/wp\/v2\/media\/1545"}],"wp:attachment":[{"href":"https:\/\/displaymarketi.com\/index.php\/wp-json\/wp\/v2\/media?parent=1510"}],"wp:term":[{"taxonomy":"product_brand","embeddable":true,"href":"https:\/\/displaymarketi.com\/index.php\/wp-json\/wp\/v2\/product_brand?post=1510"},{"taxonomy":"product_cat","embeddable":true,"href":"https:\/\/displaymarketi.com\/index.php\/wp-json\/wp\/v2\/product_cat?post=1510"},{"taxonomy":"product_tag","embeddable":true,"href":"https:\/\/displaymarketi.com\/index.php\/wp-json\/wp\/v2\/product_tag?post=1510"}],"curies":[{"name":"wp","href":"https:\/\/api.w.org\/{rel}","templated":true}]}}