{"id":1613,"date":"2024-08-27T20:50:12","date_gmt":"2024-08-27T17:50:12","guid":{"rendered":"http:\/\/yenisite.displaymarketi.com\/?post_type=product&#038;p=1613"},"modified":"2025-09-22T14:33:18","modified_gmt":"2025-09-22T11:33:18","slug":"kollu-brosur-stand","status":"publish","type":"product","link":"https:\/\/displaymarketi.com\/index.php\/urun\/kollu-brosur-stand\/","title":{"rendered":"Kollu Bro\u015f\u00fcr Stand"},"content":{"rendered":"<p>* Bro\u015f\u00fcr setler d\u00fc\u015f\u00fck maliyetle birden fazla varyasyon sa\u011flamak amac\u0131yla geli\u015ftirilmi\u015ftir.<br \/>\n* 8 adet A4 bro\u015f\u00fcr kapasitelidir.D\u00f6rt s\u0131ra \u00fcst \u00fcste yatay ikili raf halindedir.<br \/>\n* Al\u0131nl\u0131k uygulanabilir.<\/p>\n","protected":false},"excerpt":{"rendered":"<p>* Bro\u015f\u00fcr setler d\u00fc\u015f\u00fck maliyetle birden fazla varyasyon sa\u011flamak amac\u0131yla geli\u015ftirilmi\u015ftir. * 8 adet A4 bro\u015f\u00fcr kapasitelidir.D\u00f6rt s\u0131ra \u00fcst \u00fcste<\/p>\n","protected":false},"featured_media":1683,"template":"","meta":[],"product_brand":[],"product_cat":[136,71],"product_tag":[144],"class_list":{"0":"post-1613","1":"product","2":"type-product","3":"status-publish","4":"has-post-thumbnail","6":"product_cat-brosur-standlar","7":"product_cat-display-sistemler","8":"product_tag-kollu-brosur-stand","10":"first","11":"instock","12":"shipping-taxable","13":"product-type-variable"},"_links":{"self":[{"href":"https:\/\/displaymarketi.com\/index.php\/wp-json\/wp\/v2\/product\/1613","targetHints":{"allow":["GET"]}}],"collection":[{"href":"https:\/\/displaymarketi.com\/index.php\/wp-json\/wp\/v2\/product"}],"about":[{"href":"https:\/\/displaymarketi.com\/index.php\/wp-json\/wp\/v2\/types\/product"}],"version-history":[{"count":1,"href":"https:\/\/displaymarketi.com\/index.php\/wp-json\/wp\/v2\/product\/1613\/revisions"}],"predecessor-version":[{"id":1684,"href":"https:\/\/displaymarketi.com\/index.php\/wp-json\/wp\/v2\/product\/1613\/revisions\/1684"}],"wp:featuredmedia":[{"embeddable":true,"href":"https:\/\/displaymarketi.com\/index.php\/wp-json\/wp\/v2\/media\/1683"}],"wp:attachment":[{"href":"https:\/\/displaymarketi.com\/index.php\/wp-json\/wp\/v2\/media?parent=1613"}],"wp:term":[{"taxonomy":"product_brand","embeddable":true,"href":"https:\/\/displaymarketi.com\/index.php\/wp-json\/wp\/v2\/product_brand?post=1613"},{"taxonomy":"product_cat","embeddable":true,"href":"https:\/\/displaymarketi.com\/index.php\/wp-json\/wp\/v2\/product_cat?post=1613"},{"taxonomy":"product_tag","embeddable":true,"href":"https:\/\/displaymarketi.com\/index.php\/wp-json\/wp\/v2\/product_tag?post=1613"}],"curies":[{"name":"wp","href":"https:\/\/api.w.org\/{rel}","templated":true}]}}