{"id":1665,"date":"2024-08-27T20:50:36","date_gmt":"2024-08-27T17:50:36","guid":{"rendered":"http:\/\/yenisite.displaymarketi.com\/?post_type=product&#038;p=1665"},"modified":"2024-08-27T20:50:59","modified_gmt":"2024-08-27T17:50:59","slug":"ayakli-germe-pano-cift-sirali-coklu","status":"publish","type":"product","link":"https:\/\/displaymarketi.com\/index.php\/urun\/ayakli-germe-pano-cift-sirali-coklu\/","title":{"rendered":"Ayakl\u0131 Germe Pano \u00c7ift S\u0131ral\u0131 \u00c7oklu"},"content":{"rendered":"","protected":false},"excerpt":{"rendered":"","protected":false},"featured_media":1704,"template":"","meta":[],"product_brand":[],"product_cat":[72,71],"product_tag":[158],"class_list":{"0":"post-1665","1":"product","2":"type-product","3":"status-publish","4":"has-post-thumbnail","6":"product_cat-ayakli-poster-pano","7":"product_cat-display-sistemler","8":"product_tag-ayakli-germe-pano-cift-sirali-coklu","10":"first","11":"outofstock","12":"shipping-taxable","13":"product-type-simple"},"_links":{"self":[{"href":"https:\/\/displaymarketi.com\/index.php\/wp-json\/wp\/v2\/product\/1665","targetHints":{"allow":["GET"]}}],"collection":[{"href":"https:\/\/displaymarketi.com\/index.php\/wp-json\/wp\/v2\/product"}],"about":[{"href":"https:\/\/displaymarketi.com\/index.php\/wp-json\/wp\/v2\/types\/product"}],"version-history":[{"count":1,"href":"https:\/\/displaymarketi.com\/index.php\/wp-json\/wp\/v2\/product\/1665\/revisions"}],"predecessor-version":[{"id":1705,"href":"https:\/\/displaymarketi.com\/index.php\/wp-json\/wp\/v2\/product\/1665\/revisions\/1705"}],"wp:featuredmedia":[{"embeddable":true,"href":"https:\/\/displaymarketi.com\/index.php\/wp-json\/wp\/v2\/media\/1704"}],"wp:attachment":[{"href":"https:\/\/displaymarketi.com\/index.php\/wp-json\/wp\/v2\/media?parent=1665"}],"wp:term":[{"taxonomy":"product_brand","embeddable":true,"href":"https:\/\/displaymarketi.com\/index.php\/wp-json\/wp\/v2\/product_brand?post=1665"},{"taxonomy":"product_cat","embeddable":true,"href":"https:\/\/displaymarketi.com\/index.php\/wp-json\/wp\/v2\/product_cat?post=1665"},{"taxonomy":"product_tag","embeddable":true,"href":"https:\/\/displaymarketi.com\/index.php\/wp-json\/wp\/v2\/product_tag?post=1665"}],"curies":[{"name":"wp","href":"https:\/\/api.w.org\/{rel}","templated":true}]}}