{"id":1671,"date":"2024-08-27T20:50:37","date_gmt":"2024-08-27T17:50:37","guid":{"rendered":"http:\/\/yenisite.displaymarketi.com\/?post_type=product&#038;p=1671"},"modified":"2025-09-22T14:27:54","modified_gmt":"2025-09-22T11:27:54","slug":"brosurluklu-bilgi-panosu-tek-tarafli","status":"publish","type":"product","link":"https:\/\/displaymarketi.com\/index.php\/urun\/brosurluklu-bilgi-panosu-tek-tarafli\/","title":{"rendered":"Bro\u015f\u00fcrl\u00fckl\u00fc Bilgi Panosu Tek Tarafl\u0131"},"content":{"rendered":"<p>*\u0130\u00e7 mekanlarda bro\u015f\u00fcr ve posterleri bir arada sergilemek i\u00e7in ideal bir \u00fcr\u00fcnd\u00fcr.<br \/>\n*Bro\u015f\u00fcrl\u00fck A4 kapasitelidir ve akrilikten \u00fcretilmi\u015ftir.<br \/>\n*\u00c7er\u00e7eve A4 veya daha b\u00fcy\u00fck \u00f6l\u00e7\u00fclerde \u00fcretilebilir.<br \/>\n*Bro\u015f\u00fcrl\u00fck al\u00fcminyum veya akrilikten \u00fcretilebilir.<\/p>\n","protected":false},"excerpt":{"rendered":"<p>*\u0130\u00e7 mekanlarda bro\u015f\u00fcr ve posterleri bir arada sergilemek i\u00e7in ideal bir \u00fcr\u00fcnd\u00fcr. *Bro\u015f\u00fcrl\u00fck A4 kapasitelidir ve akrilikten \u00fcretilmi\u015ftir. *\u00c7er\u00e7eve A4<\/p>\n","protected":false},"featured_media":1735,"template":"","meta":[],"product_brand":[],"product_cat":[72,71],"product_tag":[164],"class_list":{"0":"post-1671","1":"product","2":"type-product","3":"status-publish","4":"has-post-thumbnail","6":"product_cat-ayakli-poster-pano","7":"product_cat-display-sistemler","8":"product_tag-brosurluklu-bilgi-panosu","10":"first","11":"instock","12":"shipping-taxable","13":"product-type-variable"},"_links":{"self":[{"href":"https:\/\/displaymarketi.com\/index.php\/wp-json\/wp\/v2\/product\/1671","targetHints":{"allow":["GET"]}}],"collection":[{"href":"https:\/\/displaymarketi.com\/index.php\/wp-json\/wp\/v2\/product"}],"about":[{"href":"https:\/\/displaymarketi.com\/index.php\/wp-json\/wp\/v2\/types\/product"}],"version-history":[{"count":1,"href":"https:\/\/displaymarketi.com\/index.php\/wp-json\/wp\/v2\/product\/1671\/revisions"}],"predecessor-version":[{"id":1736,"href":"https:\/\/displaymarketi.com\/index.php\/wp-json\/wp\/v2\/product\/1671\/revisions\/1736"}],"wp:featuredmedia":[{"embeddable":true,"href":"https:\/\/displaymarketi.com\/index.php\/wp-json\/wp\/v2\/media\/1735"}],"wp:attachment":[{"href":"https:\/\/displaymarketi.com\/index.php\/wp-json\/wp\/v2\/media?parent=1671"}],"wp:term":[{"taxonomy":"product_brand","embeddable":true,"href":"https:\/\/displaymarketi.com\/index.php\/wp-json\/wp\/v2\/product_brand?post=1671"},{"taxonomy":"product_cat","embeddable":true,"href":"https:\/\/displaymarketi.com\/index.php\/wp-json\/wp\/v2\/product_cat?post=1671"},{"taxonomy":"product_tag","embeddable":true,"href":"https:\/\/displaymarketi.com\/index.php\/wp-json\/wp\/v2\/product_tag?post=1671"}],"curies":[{"name":"wp","href":"https:\/\/api.w.org\/{rel}","templated":true}]}}