{"id":1723,"date":"2024-08-27T20:51:05","date_gmt":"2024-08-27T17:51:05","guid":{"rendered":"http:\/\/yenisite.displaymarketi.com\/?post_type=product&#038;p=1723"},"modified":"2025-09-22T14:23:19","modified_gmt":"2025-09-22T11:23:19","slug":"teleskopik-ayakli-yazi-tahtasi-beyaz-50x70","status":"publish","type":"product","link":"https:\/\/displaymarketi.com\/index.php\/urun\/teleskopik-ayakli-yazi-tahtasi-beyaz-50x70\/","title":{"rendered":"Teleskopik Ayakl\u0131 Yaz\u0131 Tahtas\u0131 \/ BEYAZ 50X70"},"content":{"rendered":"","protected":false},"excerpt":{"rendered":"","protected":false},"featured_media":1802,"template":"","meta":[],"product_brand":[],"product_cat":[71,194],"product_tag":[199],"class_list":{"0":"post-1723","1":"product","2":"type-product","3":"status-publish","4":"has-post-thumbnail","6":"product_cat-display-sistemler","7":"product_cat-yazi-tahtasi","8":"product_tag-teleskopik-ayakli-yazi-tahtasi","10":"first","11":"outofstock","12":"shipping-taxable","13":"product-type-simple"},"_links":{"self":[{"href":"https:\/\/displaymarketi.com\/index.php\/wp-json\/wp\/v2\/product\/1723","targetHints":{"allow":["GET"]}}],"collection":[{"href":"https:\/\/displaymarketi.com\/index.php\/wp-json\/wp\/v2\/product"}],"about":[{"href":"https:\/\/displaymarketi.com\/index.php\/wp-json\/wp\/v2\/types\/product"}],"version-history":[{"count":1,"href":"https:\/\/displaymarketi.com\/index.php\/wp-json\/wp\/v2\/product\/1723\/revisions"}],"predecessor-version":[{"id":1803,"href":"https:\/\/displaymarketi.com\/index.php\/wp-json\/wp\/v2\/product\/1723\/revisions\/1803"}],"wp:featuredmedia":[{"embeddable":true,"href":"https:\/\/displaymarketi.com\/index.php\/wp-json\/wp\/v2\/media\/1802"}],"wp:attachment":[{"href":"https:\/\/displaymarketi.com\/index.php\/wp-json\/wp\/v2\/media?parent=1723"}],"wp:term":[{"taxonomy":"product_brand","embeddable":true,"href":"https:\/\/displaymarketi.com\/index.php\/wp-json\/wp\/v2\/product_brand?post=1723"},{"taxonomy":"product_cat","embeddable":true,"href":"https:\/\/displaymarketi.com\/index.php\/wp-json\/wp\/v2\/product_cat?post=1723"},{"taxonomy":"product_tag","embeddable":true,"href":"https:\/\/displaymarketi.com\/index.php\/wp-json\/wp\/v2\/product_tag?post=1723"}],"curies":[{"name":"wp","href":"https:\/\/api.w.org\/{rel}","templated":true}]}}