{"id":1838,"date":"2024-08-27T20:52:17","date_gmt":"2024-08-27T17:52:17","guid":{"rendered":"http:\/\/yenisite.displaymarketi.com\/?post_type=product&#038;p=1838"},"modified":"2025-09-22T14:14:35","modified_gmt":"2025-09-22T11:14:35","slug":"25mm-rondo-kose-35x50-plastik-tabanli-cerceve","status":"publish","type":"product","link":"https:\/\/displaymarketi.com\/index.php\/urun\/25mm-rondo-kose-35x50-plastik-tabanli-cerceve\/","title":{"rendered":"25mm Rondo K\u00f6\u015fe 35&#215;50 Plastik Tabanl\u0131 \u00c7er\u00e7eve"},"content":{"rendered":"","protected":false},"excerpt":{"rendered":"","protected":false},"featured_media":1551,"template":"","meta":[],"product_brand":[],"product_cat":[82],"product_tag":[],"class_list":{"0":"post-1838","1":"product","2":"type-product","3":"status-publish","4":"has-post-thumbnail","6":"product_cat-cerceve","8":"first","9":"instock","10":"shipping-taxable","11":"product-type-simple"},"_links":{"self":[{"href":"https:\/\/displaymarketi.com\/index.php\/wp-json\/wp\/v2\/product\/1838","targetHints":{"allow":["GET"]}}],"collection":[{"href":"https:\/\/displaymarketi.com\/index.php\/wp-json\/wp\/v2\/product"}],"about":[{"href":"https:\/\/displaymarketi.com\/index.php\/wp-json\/wp\/v2\/types\/product"}],"version-history":[{"count":1,"href":"https:\/\/displaymarketi.com\/index.php\/wp-json\/wp\/v2\/product\/1838\/revisions"}],"predecessor-version":[{"id":1847,"href":"https:\/\/displaymarketi.com\/index.php\/wp-json\/wp\/v2\/product\/1838\/revisions\/1847"}],"wp:featuredmedia":[{"embeddable":true,"href":"https:\/\/displaymarketi.com\/index.php\/wp-json\/wp\/v2\/media\/1551"}],"wp:attachment":[{"href":"https:\/\/displaymarketi.com\/index.php\/wp-json\/wp\/v2\/media?parent=1838"}],"wp:term":[{"taxonomy":"product_brand","embeddable":true,"href":"https:\/\/displaymarketi.com\/index.php\/wp-json\/wp\/v2\/product_brand?post=1838"},{"taxonomy":"product_cat","embeddable":true,"href":"https:\/\/displaymarketi.com\/index.php\/wp-json\/wp\/v2\/product_cat?post=1838"},{"taxonomy":"product_tag","embeddable":true,"href":"https:\/\/displaymarketi.com\/index.php\/wp-json\/wp\/v2\/product_tag?post=1838"}],"curies":[{"name":"wp","href":"https:\/\/api.w.org\/{rel}","templated":true}]}}