{"id":1905,"date":"2024-08-27T20:52:40","date_gmt":"2024-08-27T17:52:40","guid":{"rendered":"http:\/\/yenisite.displaymarketi.com\/?post_type=product&#038;p=1905"},"modified":"2025-09-22T14:08:08","modified_gmt":"2025-09-22T11:08:08","slug":"l-tipi-foyluk-yatay-a5","status":"publish","type":"product","link":"https:\/\/displaymarketi.com\/index.php\/urun\/l-tipi-foyluk-yatay-a5\/","title":{"rendered":"L Tipi F\u00f6yl\u00fck Yatay A5"},"content":{"rendered":"<p>* \u015eeffaf ve zarif bir \u00fcr\u00fcnd\u00fcr.<br \/>\n* Lokanta, kafe gibi ticari i\u015fletmelerde men\u00fc ve fiyat listesi sergilemek i\u00e7in idealdir.<br \/>\n* Ekonomik bir \u00fcr\u00fcnd\u00fcr.<br \/>\n* Yatay ve dikey modelleri mevcuttur.<br \/>\n* Sipari\u015f adedine g\u00f6re \u00f6zel ebat \u00e7al\u0131\u015f\u0131labilir.<\/p>\n","protected":false},"excerpt":{"rendered":"<p>* \u015eeffaf ve zarif bir \u00fcr\u00fcnd\u00fcr. * Lokanta, kafe gibi ticari i\u015fletmelerde men\u00fc ve fiyat listesi sergilemek i\u00e7in idealdir. *<\/p>\n","protected":false},"featured_media":1937,"template":"","meta":[],"product_brand":[],"product_cat":[180,234],"product_tag":[235],"class_list":{"0":"post-1905","1":"product","2":"type-product","3":"status-publish","4":"has-post-thumbnail","6":"product_cat-foyluk","7":"product_cat-l-tipi-yatay-foyluk","8":"product_tag-l-tipi-foyluk-yatay-a5","10":"first","11":"instock","12":"shipping-taxable","13":"product-type-simple"},"_links":{"self":[{"href":"https:\/\/displaymarketi.com\/index.php\/wp-json\/wp\/v2\/product\/1905","targetHints":{"allow":["GET"]}}],"collection":[{"href":"https:\/\/displaymarketi.com\/index.php\/wp-json\/wp\/v2\/product"}],"about":[{"href":"https:\/\/displaymarketi.com\/index.php\/wp-json\/wp\/v2\/types\/product"}],"version-history":[{"count":1,"href":"https:\/\/displaymarketi.com\/index.php\/wp-json\/wp\/v2\/product\/1905\/revisions"}],"predecessor-version":[{"id":1938,"href":"https:\/\/displaymarketi.com\/index.php\/wp-json\/wp\/v2\/product\/1905\/revisions\/1938"}],"wp:featuredmedia":[{"embeddable":true,"href":"https:\/\/displaymarketi.com\/index.php\/wp-json\/wp\/v2\/media\/1937"}],"wp:attachment":[{"href":"https:\/\/displaymarketi.com\/index.php\/wp-json\/wp\/v2\/media?parent=1905"}],"wp:term":[{"taxonomy":"product_brand","embeddable":true,"href":"https:\/\/displaymarketi.com\/index.php\/wp-json\/wp\/v2\/product_brand?post=1905"},{"taxonomy":"product_cat","embeddable":true,"href":"https:\/\/displaymarketi.com\/index.php\/wp-json\/wp\/v2\/product_cat?post=1905"},{"taxonomy":"product_tag","embeddable":true,"href":"https:\/\/displaymarketi.com\/index.php\/wp-json\/wp\/v2\/product_tag?post=1905"}],"curies":[{"name":"wp","href":"https:\/\/api.w.org\/{rel}","templated":true}]}}