{"id":1910,"date":"2024-08-27T20:52:41","date_gmt":"2024-08-27T17:52:41","guid":{"rendered":"http:\/\/yenisite.displaymarketi.com\/?post_type=product&#038;p=1910"},"modified":"2025-09-22T14:07:46","modified_gmt":"2025-09-22T11:07:46","slug":"askili-cift-tarafli-25-mm-rondo-cerceve-42x60","status":"publish","type":"product","link":"https:\/\/displaymarketi.com\/index.php\/urun\/askili-cift-tarafli-25-mm-rondo-cerceve-42x60\/","title":{"rendered":"Ask\u0131l\u0131 \u00c7ift Tarafl\u0131 25 mm Rondo \u00c7er\u00e7eve 42&#215;60"},"content":{"rendered":"<p>*Tavana veya duvara monte edilebilir,ma\u011faza i\u00e7i ya da cam \u00f6n\u00fcnde birden fazla poster sergileme imkan\u0131 sa\u011flar.<br \/>\n*Tek tarafl\u0131 ya da \u00e7ift tarafl\u0131 model mevcuttur.<br \/>\n*25mm profil kullan\u0131lm\u0131\u015ft\u0131r.<br \/>\n*Renk g\u00fcm\u00fc\u015f eloksald\u0131r.<br \/>\n*G\u00f6rselin yatay ya da dikey kullan\u0131m\u0131 sipari\u015f esnas\u0131nda belirtilmelidir.<\/p>\n","protected":false},"excerpt":{"rendered":"<p>*Tavana veya duvara monte edilebilir,ma\u011faza i\u00e7i ya da cam \u00f6n\u00fcnde birden fazla poster sergileme imkan\u0131 sa\u011flar. *Tek tarafl\u0131 ya da<\/p>\n","protected":false},"featured_media":1588,"template":"","meta":[],"product_brand":[],"product_cat":[82],"product_tag":[240],"class_list":{"0":"post-1910","1":"product","2":"type-product","3":"status-publish","4":"has-post-thumbnail","6":"product_cat-cerceve","7":"product_tag-askli-25mm-rondo-42x60","9":"first","10":"instock","11":"shipping-taxable","12":"product-type-simple"},"_links":{"self":[{"href":"https:\/\/displaymarketi.com\/index.php\/wp-json\/wp\/v2\/product\/1910","targetHints":{"allow":["GET"]}}],"collection":[{"href":"https:\/\/displaymarketi.com\/index.php\/wp-json\/wp\/v2\/product"}],"about":[{"href":"https:\/\/displaymarketi.com\/index.php\/wp-json\/wp\/v2\/types\/product"}],"version-history":[{"count":1,"href":"https:\/\/displaymarketi.com\/index.php\/wp-json\/wp\/v2\/product\/1910\/revisions"}],"predecessor-version":[{"id":1945,"href":"https:\/\/displaymarketi.com\/index.php\/wp-json\/wp\/v2\/product\/1910\/revisions\/1945"}],"wp:featuredmedia":[{"embeddable":true,"href":"https:\/\/displaymarketi.com\/index.php\/wp-json\/wp\/v2\/media\/1588"}],"wp:attachment":[{"href":"https:\/\/displaymarketi.com\/index.php\/wp-json\/wp\/v2\/media?parent=1910"}],"wp:term":[{"taxonomy":"product_brand","embeddable":true,"href":"https:\/\/displaymarketi.com\/index.php\/wp-json\/wp\/v2\/product_brand?post=1910"},{"taxonomy":"product_cat","embeddable":true,"href":"https:\/\/displaymarketi.com\/index.php\/wp-json\/wp\/v2\/product_cat?post=1910"},{"taxonomy":"product_tag","embeddable":true,"href":"https:\/\/displaymarketi.com\/index.php\/wp-json\/wp\/v2\/product_tag?post=1910"}],"curies":[{"name":"wp","href":"https:\/\/api.w.org\/{rel}","templated":true}]}}