{"id":1966,"date":"2024-08-27T20:52:53","date_gmt":"2024-08-27T17:52:53","guid":{"rendered":"http:\/\/yenisite.displaymarketi.com\/?post_type=product&#038;p=1966"},"modified":"2025-09-22T14:44:19","modified_gmt":"2025-09-22T11:44:19","slug":"25-mm-a-pano-60x85","status":"publish","type":"product","link":"https:\/\/displaymarketi.com\/index.php\/urun\/25-mm-a-pano-60x85\/","title":{"rendered":"25 mm A Pano 60X85"},"content":{"rendered":"<p> A Pano; ma\u011faza, kafe veya restoranlar\u0131n \u00f6n\u00fcnde men\u00fc, poster gibi g\u00f6rsellerin sergilenebilece\u011fi pratik, dayan\u0131kl\u0131 ve etkileyici bir \u00fcr\u00fcnd\u00fcr.<\/p>\n<p>*\u0130\u00e7 ve d\u0131\u015f mekan i\u00e7in idela bir \u00fcr\u00fcnd\u00fcr.<br \/>\n*kullan\u0131m\u0131 ve ta\u015f\u0131nmas\u0131 kolayd\u0131r.<br \/>\n*\u00c7ift tarafl\u0131d\u0131r.<br \/>\n*Tamam\u0131 al\u00fcminyumdan \u00fcretilmektedir.<\/p>\n","protected":false},"excerpt":{"rendered":"<p>A Pano; ma\u011faza, kafe veya restoranlar\u0131n \u00f6n\u00fcnde men\u00fc, poster gibi g\u00f6rsellerin sergilenebilece\u011fi pratik, dayan\u0131kl\u0131 ve etkileyici bir \u00fcr\u00fcnd\u00fcr. *\u0130\u00e7 ve<\/p>\n","protected":false},"featured_media":1628,"template":"","meta":[],"product_brand":[],"product_cat":[119,71],"product_tag":[250],"class_list":{"0":"post-1966","1":"product","2":"type-product","3":"status-publish","4":"has-post-thumbnail","6":"product_cat-a-pano","7":"product_cat-display-sistemler","8":"product_tag-25mm-a-pano-60x85","10":"first","11":"instock","12":"shipping-taxable","13":"product-type-simple"},"_links":{"self":[{"href":"https:\/\/displaymarketi.com\/index.php\/wp-json\/wp\/v2\/product\/1966","targetHints":{"allow":["GET"]}}],"collection":[{"href":"https:\/\/displaymarketi.com\/index.php\/wp-json\/wp\/v2\/product"}],"about":[{"href":"https:\/\/displaymarketi.com\/index.php\/wp-json\/wp\/v2\/types\/product"}],"version-history":[{"count":1,"href":"https:\/\/displaymarketi.com\/index.php\/wp-json\/wp\/v2\/product\/1966\/revisions"}],"predecessor-version":[{"id":1988,"href":"https:\/\/displaymarketi.com\/index.php\/wp-json\/wp\/v2\/product\/1966\/revisions\/1988"}],"wp:featuredmedia":[{"embeddable":true,"href":"https:\/\/displaymarketi.com\/index.php\/wp-json\/wp\/v2\/media\/1628"}],"wp:attachment":[{"href":"https:\/\/displaymarketi.com\/index.php\/wp-json\/wp\/v2\/media?parent=1966"}],"wp:term":[{"taxonomy":"product_brand","embeddable":true,"href":"https:\/\/displaymarketi.com\/index.php\/wp-json\/wp\/v2\/product_brand?post=1966"},{"taxonomy":"product_cat","embeddable":true,"href":"https:\/\/displaymarketi.com\/index.php\/wp-json\/wp\/v2\/product_cat?post=1966"},{"taxonomy":"product_tag","embeddable":true,"href":"https:\/\/displaymarketi.com\/index.php\/wp-json\/wp\/v2\/product_tag?post=1966"}],"curies":[{"name":"wp","href":"https:\/\/api.w.org\/{rel}","templated":true}]}}